{"id":2265,"date":"2021-08-28T14:30:33","date_gmt":"2021-08-28T13:30:33","guid":{"rendered":"http:\/\/newurl.com\/?page_id=2265"},"modified":"2025-11-11T17:32:08","modified_gmt":"2025-11-11T17:32:08","slug":"termes-conditions","status":"publish","type":"page","link":"https:\/\/evblocks.com\/fr\/termes-conditions\/","title":{"rendered":"Terms &#038; Conditions"},"content":{"rendered":"<section class=\"evblocks__container evblocks__container--no-vertical-space\">\n<h1 class=\"wp-block-heading\">Conditions g\u00e9n\u00e9rales<\/h1>\n<\/section>\n\n<section class=\"evblocks__container evblocks__container--no-vertical-space\">\n<p><span style=\"font-weight: 400;\">Les pr\u00e9sentes Conditions g\u00e9n\u00e9rales (ci-apr\u00e8s les \u00ab Conditions g\u00e9n\u00e9rales \u00bb) r\u00e9gissent l&#8217;utilisation de<\/span> <a href=\"https:\/\/evblocks.com\/\" rel=\"\">www.evblocks.com <\/a><span style=\"font-weight: 400;\">(ci-apr\u00e8s le \u00ab Site \u00bb). Ce site est d\u00e9tenu et exploit\u00e9 par EV Blocks Ltd. Il s&#8217;agit d&#8217;un site de commerce \u00e9lectronique.<\/span><\/p>\n<\/section>\n\n<section class=\"evblocks__container evblocks__container--no-vertical-space\">\n<p><span style=\"font-weight: 400;\">En utilisant ce site, vous indiquez que vous avez lu et compris ces termes et conditions et que vous acceptez de les respecter \u00e0 tout moment.<\/span><\/p>\n<\/section>\n\n<section class=\"evblocks__container evblocks__container--no-vertical-space\">\n<p><strong>Propri\u00e9t\u00e9 intellectuelle<\/strong><\/p>\n<\/section>\n\n<section class=\"evblocks__container evblocks__container--no-vertical-space\">\n<p><span style=\"font-weight: 400;\">Tout le contenu publi\u00e9 et mis \u00e0 disposition sur notre site est la propri\u00e9t\u00e9 d&#8217;EV Blocks Ltd et de ses cr\u00e9ateurs. Cela inclut, sans s&#8217;y limiter, les images, textes, logos, documents, fichiers t\u00e9l\u00e9chargeables et tout \u00e9l\u00e9ment constitutif de notre site.<\/span><\/p>\n<\/section>\n\n<section class=\"evblocks__container evblocks__container--no-vertical-space\">\n<p><strong>Vente de marchandises<\/strong><\/p>\n<\/section>\n\n<section class=\"evblocks__container evblocks__container--no-vertical-space\">\n<p><span style=\"font-weight: 400;\">Les pr\u00e9sentes conditions g\u00e9n\u00e9rales r\u00e9gissent la vente des biens disponibles sur notre site :<\/span><\/p>\n<\/section>\n\n<section class=\"evblocks__container evblocks__block evblocks__pattern\">\n<ul class=\"wp-block-list\">\n<li><span style=\"font-weight: 400;\">Bases en b\u00e9ton pr\u00e9fabriqu\u00e9es pour chargeurs de v\u00e9hicules \u00e9lectriques \u00e0 monter avec une plaque d&#8217;adaptation universelle<\/span><\/li>\n<\/ul>\n<\/section>\n\n<section class=\"evblocks__container evblocks__container--no-vertical-space\">\n<p><span style=\"font-weight: 400;\">Nous avons l&#8217;obligation l\u00e9gale de fournir des biens correspondant \u00e0 la description du ou des biens que vous commandez sur notre site.<\/span><\/p>\n<\/section>\n\n<section class=\"evblocks__container evblocks__container--no-vertical-space\">\n<p><span style=\"font-weight: 400;\">Les pr\u00e9sentes Conditions g\u00e9n\u00e9rales s&#8217;appliquent \u00e0 tous les produits pr\u00e9sent\u00e9s sur notre site au moment o\u00f9 vous y acc\u00e9dez. Cela inclut tous les produits en rupture de stock. Toutes les informations, descriptions ou images que nous fournissons concernant nos produits sont aussi pr\u00e9cises que possible. Cependant, nous ne sommes pas juridiquement li\u00e9s par ces informations, descriptions ou images, car nous ne pouvons garantir l&#8217;exactitude de tous les produits que nous proposons. Vous acceptez d&#8217;acheter des produits sur notre site \u00e0 vos propres risques.<\/span><\/p>\n<\/section>\n\n<section class=\"evblocks__container evblocks__container--no-vertical-space\">\n<p><span style=\"font-weight: 400;\">Nous nous r\u00e9servons le droit de modifier, de refuser ou d&#8217;annuler votre commande si n\u00e9cessaire. Si nous annulons votre commande et que votre paiement a d\u00e9j\u00e0 \u00e9t\u00e9 trait\u00e9, nous vous rembourserons le montant pay\u00e9. Vous acceptez qu&#8217;il est de votre responsabilit\u00e9 de v\u00e9rifier votre mode de paiement afin de v\u00e9rifier la r\u00e9ception de tout remboursement.<\/span><\/p>\n<\/section>\n\n<section class=\"evblocks__container evblocks__container--no-vertical-space\">\n<p><strong>Paiements<\/strong><\/p>\n<\/section>\n\n<section class=\"evblocks__container evblocks__container--no-vertical-space\">\n<p><span style=\"font-weight: 400;\">Nous acceptons les modes de paiement suivants sur notre site :<\/span><\/p>\n<\/section>\n\n<section class=\"evblocks__container evblocks__block evblocks__pattern\">\n<ul class=\"wp-block-list\">\n<li><span style=\"font-weight: 400;\">Cartes de cr\u00e9dit<\/span><\/li>\n\n\n\n<li><span style=\"font-weight: 400;\">Cartes de d\u00e9bit<\/span><\/li>\n\n\n\n<li><span style=\"font-weight: 400;\">Syst\u00e8me Interbancaire de T\u00e9l\u00e9compensation&#8221; (SiT)<\/span><\/li>\n<\/ul>\n<\/section>\n\n<section class=\"evblocks__container evblocks__container--no-vertical-space\">\n<p><span style=\"font-weight: 400;\">En nous fournissant vos informations de paiement, vous nous autorisez \u00e0 utiliser et \u00e0 acc\u00e9der \u00e0 l&#8217;instrument de paiement que vous avez choisi. En nous fournissant vos informations de paiement, vous nous autorisez \u00e0 d\u00e9biter le montant d\u00fb sur cet instrument de paiement.<\/span><\/p>\n<\/section>\n\n<section class=\"evblocks__container evblocks__container--no-vertical-space\">\n<p><span style=\"font-weight: 400;\">Si nous pensons que votre paiement a viol\u00e9 une loi ou ces conditions g\u00e9n\u00e9rales, nous nous r\u00e9servons le droit d&#8217;annuler ou d&#8217;annuler votre transaction.<\/span><\/p>\n<\/section>\n\n<section class=\"evblocks__container evblocks__container--no-vertical-space\">\n<p><strong>Exp\u00e9dition et livraison<\/strong><\/p>\n<\/section>\n\n<section class=\"evblocks__container evblocks__container--no-vertical-space\">\n<p><span style=\"font-weight: 400;\">Lorsque vous achetez des produits sur notre site, les produits seront livr\u00e9s via les m\u00e9thodes suivantes :<\/span><\/p>\n<\/section>\n\n<section class=\"evblocks__container evblocks__block evblocks__pattern\">\n<ul class=\"wp-block-list\">\n<li><span style=\"font-weight: 400;\">Livraison standard \u2013 72 heures, ou <\/span><\/li>\n\n\n\n<li><span style=\"font-weight: 400;\">Livraison le lendemain<\/span><\/li>\n<\/ul>\n<\/section>\n\n<section class=\"evblocks__container evblocks__container--no-vertical-space\">\n<p><span style=\"font-weight: 400;\">La livraison sera effectu\u00e9e dans les meilleurs d\u00e9lais, selon le mode de livraison choisi. Les d\u00e9lais de livraison peuvent varier en raison de circonstances impr\u00e9vues. Veuillez noter que les d\u00e9lais de livraison n&#8217;incluent pas les week-ends et les jours f\u00e9ri\u00e9s.<\/span><\/p>\n<\/section>\n\n<section class=\"evblocks__container evblocks__container--no-vertical-space\">\n<p><span style=\"font-weight: 400;\">Vous devrez payer des frais de livraison en plus du prix des marchandises que vous achetez.<\/span><\/p>\n<\/section>\n\n<section class=\"evblocks__container evblocks__container--no-vertical-space\">\n<p><span style=\"font-weight: 400;\">Si vous achetez des produits chez nous pour une livraison hors du Royaume-Uni, votre achat peut \u00eatre soumis \u00e0 des droits et taxes d&#8217;importation appliqu\u00e9s par le pays de destination. Vous \u00eates responsable du paiement de ces droits et taxes. Veuillez contacter votre bureau de douane local pour plus d&#8217;informations avant d&#8217;effectuer votre achat. Nous ne sommes pas responsables du paiement de ces droits et taxes, ni de votre d\u00e9faut de paiement.<\/span><\/p>\n<\/section>\n\n<section class=\"evblocks__container evblocks__container--no-vertical-space\">\n<p><span style=\"font-weight: 400;\">Vous \u00eates tenu de nous fournir une adresse de livraison compl\u00e8te et exacte, y compris le nom du destinataire. Nous d\u00e9clinons toute responsabilit\u00e9 en cas de livraison de vos marchandises \u00e0 une adresse ou \u00e0 une personne erron\u00e9e suite \u00e0 des informations inexactes ou incompl\u00e8tes.<\/span><\/p>\n<\/section>\n\n<section class=\"evblocks__container evblocks__container--no-vertical-space\">\n<p><strong>Droit d&#8217;annulation et de remboursement<\/strong><\/p>\n<\/section>\n\n<section class=\"evblocks__container evblocks__container--no-vertical-space\">\n<p><span style=\"font-weight: 400;\">Si vous r\u00e9sidez au Royaume-Uni ou dans l&#8217;Union europ\u00e9enne, vous disposez d&#8217;un droit de r\u00e9tractation de 14 jours sans pr\u00e9avis. Le d\u00e9lai de r\u00e9tractation est le suivant :<\/span><\/p>\n<\/section>\n\n<section class=\"evblocks__container evblocks__block evblocks__pattern\">\n<ul class=\"wp-block-list\">\n<li><span style=\"font-weight: 400;\">Prend fin 14 jours apr\u00e8s r\u00e9ception par vous, ou par une personne d\u00e9sign\u00e9e, du ou des produits lorsque vous avez achet\u00e9 des produits dans une seule commande qui sont tous livr\u00e9s ensemble.<\/span><\/li>\n<\/ul>\n<\/section>\n\n<section class=\"evblocks__container evblocks__container--no-vertical-space\">\n<p><span style=\"font-weight: 400;\">Pour exercer votre droit de r\u00e9tractation, vous devez nous informer de votre d\u00e9cision dans le d\u00e9lai de r\u00e9tractation. Pour cela, contactez-nous par e-mail \u00e0 l&#8217;adresse<\/span> <a href=\"mailto:info@localhost\">info@localhost<\/a> <span style=\"font-weight: 400;\">Veuillez consulter notre politique de retours, d&#8217;annulations de commandes et de remboursements, disponible <\/span><a href=\"https:\/\/evblocks.com\/refund-policy\/\">ici<\/a>.<\/p>\n<\/section>\n\n<section class=\"evblocks__container evblocks__container--no-vertical-space\">\n<p><strong>Effets de l&#8217;annulation<\/strong><\/p>\n<\/section>\n\n<section class=\"evblocks__container evblocks__container--no-vertical-space\">\n<p><span style=\"font-weight: 400;\">Si vous r\u00e9siliez votre contrat, nous vous rembourserons tous les paiements re\u00e7us de vous au titre du contrat, \u00e0 l&#8217;exclusion des frais de livraison. Veuillez noter que la loi nous autorise \u00e0 r\u00e9duire votre remboursement pour tenir compte de toute diminution de la valeur des biens r\u00e9sultant de manipulations autres que celles n\u00e9cessaires pour \u00e9tablir la nature, les caract\u00e9ristiques et le bon fonctionnement des biens.<\/span><\/p>\n<\/section>\n\n<section class=\"evblocks__container evblocks__container--no-vertical-space\">\n<p><span style=\"font-weight: 400;\">Nous proc\u00e9derons au remboursement sans retard excessif et au plus tard 14 jours apr\u00e8s r\u00e9ception des biens fournis ou 14 jours apr\u00e8s que vous nous aurez fourni la preuve de leur retour, selon la premi\u00e8re \u00e9ventualit\u00e9. Si aucun bien n&#8217;a \u00e9t\u00e9 fourni, nous proc\u00e9derons au remboursement au plus tard 14 jours apr\u00e8s avoir \u00e9t\u00e9 inform\u00e9s de votre d\u00e9cision de r\u00e9tractation.<\/span><\/p>\n<\/section>\n\n<section class=\"evblocks__container evblocks__container--no-vertical-space\">\n<p><span style=\"font-weight: 400;\">Nous effectuerons le remboursement en utilisant le m\u00eame moyen de paiement que celui utilis\u00e9 pour l&#8217;achat initial, sauf accord contraire expr\u00e8s de votre part. Ce remboursement n&#8217;occasionnera aucuns frais.<\/span><\/p>\n<\/section>\n\n<section class=\"evblocks__container evblocks__container--no-vertical-space\">\n<p><span style=\"font-weight: 400;\">Ce droit d&#8217;annulation et de remboursement n&#8217;est pas affect\u00e9 par toute politique de retour ou de remboursement que nous pourrions avoir.<\/span><\/p>\n<\/section>\n\n<section class=\"evblocks__container evblocks__container--no-vertical-space\">\n<p><strong>Loi sur la protection des consommateurs<\/strong><\/p>\n<\/section>\n\n<section class=\"evblocks__container evblocks__container--no-vertical-space\">\n<p><span style=\"font-weight: 400;\">Lorsque la loi sur la vente de biens de 1979, la loi sur les droits des consommateurs de 2015 (Royaume-Uni) ou toute autre l\u00e9gislation relative \u00e0 la protection des consommateurs dans votre juridiction s&#8217;appliquent et ne peuvent \u00eatre exclues, les pr\u00e9sentes Conditions g\u00e9n\u00e9rales ne limitent pas vos droits et recours l\u00e9gaux en vertu de cette l\u00e9gislation. Les pr\u00e9sentes Conditions g\u00e9n\u00e9rales sont soumises aux dispositions imp\u00e9ratives de la l\u00e9gislation. En cas de conflit entre les pr\u00e9sentes Conditions g\u00e9n\u00e9rales et cette l\u00e9gislation, les dispositions imp\u00e9ratives de cette derni\u00e8re pr\u00e9valent.<\/span><\/p>\n<\/section>\n\n<section class=\"evblocks__container evblocks__container--no-vertical-space\">\n<p><strong>Limitation de responsabilit\u00e9<\/strong><\/p>\n<\/section>\n\n<section class=\"evblocks__container evblocks__container--no-vertical-space\">\n<p><span style=\"font-weight: 400;\">EV Blocks Ltd et nos administrateurs, dirigeants, agents, employ\u00e9s, filiales et soci\u00e9t\u00e9s affili\u00e9es ne seront pas responsables des actions, r\u00e9clamations, pertes, dommages, responsabilit\u00e9s et d\u00e9penses, y compris les frais juridiques, d\u00e9coulant de votre utilisation du site.<\/span><\/p>\n<\/section>\n\n<section class=\"evblocks__container evblocks__container--no-vertical-space\">\n<p><strong>Indemnit\u00e9<\/strong><\/p>\n<\/section>\n\n<section class=\"evblocks__container evblocks__container--no-vertical-space\">\n<p><span style=\"font-weight: 400;\">Sauf lorsque la loi l&#8217;interdit, en utilisant le Site, vous indemnisez et d\u00e9gagez de toute responsabilit\u00e9 EV Blocks Ltd et nos administrateurs, dirigeants, agents, employ\u00e9s, filiales et soci\u00e9t\u00e9s affili\u00e9es de toute action, r\u00e9clamation, perte, dommage, responsabilit\u00e9 et d\u00e9pense, y compris les frais juridiques d\u00e9coulant de votre utilisation de notre Site ou de votre violation des pr\u00e9sentes Conditions g\u00e9n\u00e9rales.<\/span><\/p>\n<\/section>\n\n<section class=\"evblocks__container evblocks__container--no-vertical-space\">\n<p><strong>Applicable Law<\/strong><\/p>\n<\/section>\n\n<section class=\"evblocks__container evblocks__container--no-vertical-space\">\n<p><span style=\"font-weight: 400;\">Ces termes et conditions sont r\u00e9gis par les lois du pays d&#8217;Angleterre<\/span><\/p>\n<\/section>\n\n<section class=\"evblocks__container evblocks__container--no-vertical-space\">\n<p><strong>Divisibilit\u00e9<\/strong><\/p>\n<\/section>\n\n<section class=\"evblocks__container evblocks__container--no-vertical-space\">\n<p><span style=\"font-weight: 400;\">Si, \u00e0 tout moment, l&#8217;une des dispositions des pr\u00e9sentes Conditions g\u00e9n\u00e9rales s&#8217;av\u00e8re incompatible ou invalide au regard des lois applicables, elle sera consid\u00e9r\u00e9e comme nulle et non avenue et supprim\u00e9e des pr\u00e9sentes Conditions g\u00e9n\u00e9rales. Les autres dispositions ne seront pas affect\u00e9es par cette suppression et le reste des pr\u00e9sentes Conditions g\u00e9n\u00e9rales restera nul et non avenu.<\/span><\/p>\n<\/section>\n\n<section class=\"evblocks__container evblocks__container--no-vertical-space\">\n<p><strong>Changements<\/strong><\/p>\n<\/section>\n\n<section class=\"evblocks__container evblocks__container--no-vertical-space\">\n<p><span style=\"font-weight: 400;\">Les pr\u00e9sentes Conditions g\u00e9n\u00e9rales peuvent \u00eatre modifi\u00e9es ponctuellement afin de garantir la conformit\u00e9 avec la loi et de refl\u00e9ter toute modification de la gestion de notre site et du comportement attendu de nos utilisateurs. Nous informerons les utilisateurs par e-mail de toute modification apport\u00e9e aux pr\u00e9sentes Conditions g\u00e9n\u00e9rales ou publierons un avis sur notre site.<\/span><\/p>\n<\/section>\n\n<section class=\"evblocks__container evblocks__container--no-vertical-space\">\n<p><strong>Coordonn\u00e9es<\/strong><\/p>\n<\/section>\n\n<section class=\"evblocks__container evblocks__container--no-vertical-space\">\n<p><span style=\"font-weight: 400;\">Pour toute question ou pr\u00e9occupation, veuillez nous contacter. Nos coordonn\u00e9es sont les suivantes :<\/span><\/p>\n<\/section>\n\n<section class=\"evblocks__container evblocks__block evblocks__pattern\">\n<ul class=\"wp-block-list\">\n<li><span style=\"font-weight: 400;\">T\u00e9l\u00e9phone <\/span>\u2013 01733 513777<\/li>\n\n\n\n<li>E-mail \u2013 <a href=\"mailto:info@evblocks.com\">info@localhost<\/a><\/li>\n\n\n\n<li>Adresse \u2013 Unit 23A The Metro Centre, Welbeck Way, Woodston, Peterborough<\/li>\n<\/ul>\n<\/section>\n\n<section class=\"evblocks__container evblocks__container--no-vertical-space\">\n<p>PE2 7UH<\/p>\n<\/section>\n\n<section class=\"evblocks__container evblocks__container--no-vertical-space\">\n<p><span style=\"font-weight: 400;\">Vous pouvez \u00e9galement nous contacter via le lien \u00ab Contactez-nous \u00bb sur notre site en utilisant le formulaire \u00ab Contactez-nous aujourd&#8217;hui \u00bb.<\/span><\/p>\n<\/section>","protected":false},"excerpt":{"rendered":"<p>Conditions g\u00e9n\u00e9rales Les pr\u00e9sentes Conditions g\u00e9n\u00e9rales (ci-apr\u00e8s les \u00ab Conditions g\u00e9n\u00e9rales \u00bb) r\u00e9gissent l&#8217;utilisation de www.evblocks.com (ci-apr\u00e8s le \u00ab Site \u00bb). Ce site est d\u00e9tenu et exploit\u00e9 par EV Blocks Ltd. Il s&#8217;agit d&#8217;un site de commerce \u00e9lectronique. En utilisant&#8230;<\/p>\n","protected":false},"author":4,"featured_media":3217,"parent":0,"menu_order":0,"comment_status":"closed","ping_status":"closed","template":"","meta":{"_acf_changed":false,"footnotes":""},"class_list":["post-2265","page","type-page","status-publish","has-post-thumbnail","hentry"],"acf":[],"_links":{"self":[{"href":"https:\/\/evblocks.com\/fr\/wp-json\/wp\/v2\/pages\/2265","targetHints":{"allow":["GET"]}}],"collection":[{"href":"https:\/\/evblocks.com\/fr\/wp-json\/wp\/v2\/pages"}],"about":[{"href":"https:\/\/evblocks.com\/fr\/wp-json\/wp\/v2\/types\/page"}],"author":[{"embeddable":true,"href":"https:\/\/evblocks.com\/fr\/wp-json\/wp\/v2\/users\/4"}],"replies":[{"embeddable":true,"href":"https:\/\/evblocks.com\/fr\/wp-json\/wp\/v2\/comments?post=2265"}],"version-history":[{"count":0,"href":"https:\/\/evblocks.com\/fr\/wp-json\/wp\/v2\/pages\/2265\/revisions"}],"wp:featuredmedia":[{"embeddable":true,"href":"https:\/\/evblocks.com\/fr\/wp-json\/wp\/v2\/media\/3217"}],"wp:attachment":[{"href":"https:\/\/evblocks.com\/fr\/wp-json\/wp\/v2\/media?parent=2265"}],"curies":[{"name":"wp","href":"https:\/\/api.w.org\/{rel}","templated":true}]}}