{"id":15798,"date":"2024-12-10T11:28:53","date_gmt":"2024-12-10T11:28:53","guid":{"rendered":"https:\/\/evblocksdev.wpengine.com\/au\/?page_id=15798"},"modified":"2025-11-11T12:52:55","modified_gmt":"2025-11-11T12:52:55","slug":"galerie","status":"publish","type":"page","link":"https:\/\/evblocks.com\/fr\/galerie\/","title":{"rendered":"Gallery"},"content":{"rendered":"<section id=\"hero-6a07391116bfa\" class=\"evblocks-hero evblocks__block\">\n    <div class=\"evblocks-hero__image-wrapper\">\n                    <picture>\n                <source media=\"(max-width: 767px)\" \n                        srcset=\"https:\/\/evblocks.com\/fr\/wp-content\/uploads\/sites\/5\/2024\/12\/Gallery-Hero-Image-800x500.jpg\" \n                        width=\"800\" \n                        height=\"600\">\n                <source media=\"(min-width: 768px) and (max-width: 1199px)\" \n                        srcset=\"https:\/\/evblocks.com\/fr\/wp-content\/uploads\/sites\/5\/2024\/12\/Gallery-Hero-Image-1200x500.jpg\" \n                        width=\"1200\" \n                        height=\"600\">\n                <source media=\"(min-width: 1200px)\" \n                        srcset=\"https:\/\/evblocks.com\/fr\/wp-content\/uploads\/sites\/5\/2024\/12\/Gallery-Hero-Image.jpg\" \n                        width=\"1900\" \n                        height=\"600\">\n                <img width=\"1600\" height=\"500\" src=\"https:\/\/evblocks.com\/fr\/wp-content\/uploads\/sites\/5\/2024\/12\/Gallery-Hero-Image.jpg\" class=\"evblocks-hero__image\" alt=\"EV Blocks - Bases de recharge pour v\u00e9hicules \u00e9lectriques - Base pour v\u00e9hicules \u00e9lectriques - Galerie\" decoding=\"async\" loading=\"eager\" fetchpriority=\"high\" data-no-lazy=\"1\" srcset=\"https:\/\/evblocks.com\/fr\/wp-content\/uploads\/sites\/5\/2024\/12\/Gallery-Hero-Image.jpg 1600w, https:\/\/evblocks.com\/fr\/wp-content\/uploads\/sites\/5\/2024\/12\/Gallery-Hero-Image-300x94.jpg 300w, https:\/\/evblocks.com\/fr\/wp-content\/uploads\/sites\/5\/2024\/12\/Gallery-Hero-Image-768x240.jpg 768w, https:\/\/evblocks.com\/fr\/wp-content\/uploads\/sites\/5\/2024\/12\/Gallery-Hero-Image-1024x320.jpg 1024w, https:\/\/evblocks.com\/fr\/wp-content\/uploads\/sites\/5\/2024\/12\/Gallery-Hero-Image-1536x480.jpg 1536w, https:\/\/evblocks.com\/fr\/wp-content\/uploads\/sites\/5\/2024\/12\/Gallery-Hero-Image-600x188.jpg 600w\" sizes=\"(max-width: 1600px) 100vw, 1600px\" \/>            <\/picture>\n                    <div class=\"evblocks-hero__image-overlay\" style=\"background-color:rgba(10, 10, 10, 0.55)\"><\/div>\n    <\/div>\n    \n        \n            <div class=\"evblocks-hero__container evblocks__container\">\n            <div class=\"evblocks-hero__content-wrapper\">\n                <div class=\"evblocks-hero__content\">\n                    <h1 class=\"evblocks-hero__title\">\n                        Galerie d\u2019installations EV Blocks France                    <\/h1>\n                <\/div>\n            <\/div>\n        <\/div>\n    <\/section>\n\n\n\n<section class=\"evblocks__container evblocks__container--no-vertical-space\">\n<h2 class=\"wp-block-heading\">galerie de photos<\/h2>\n<\/section>\n\n<section id=\"\" class=\"evblocks-gallery evblocks__block\">\r\n    <div class=\"evblocks-gallery__container evblocks__container\">\r\n                    <div class=\"evblocks-gallery__grid\">\r\n                                    <div class=\"evblocks-gallery__column\">\r\n                        <div class=\"evblocks-gallery__slider\">\r\n                                                                                            <div>\r\n                                    <a href=\"https:\/\/evblocks.com\/fr\/wp-content\/uploads\/sites\/5\/2024\/12\/ev_block_standard_2-scaled.png\" data-lightbox=\"gallery-\">\r\n                                        <img decoding=\"async\" src=\"https:\/\/evblocks.com\/fr\/wp-content\/uploads\/sites\/5\/2024\/12\/ev_block_standard_2-1024x576.png\" alt=\"Blocs pour v\u00e9hicules \u00e9lectriques - Base en b\u00e9ton pour borne de recharge pour v\u00e9hicules \u00e9lectriques - B620 EV Blocks\">\r\n                                    <\/a>\r\n                                <\/div>\r\n                                                                                            <div>\r\n                                    <a href=\"https:\/\/evblocks.com\/fr\/wp-content\/uploads\/sites\/5\/2024\/12\/evb-top.jpg\" data-lightbox=\"gallery-\">\r\n                                        <img decoding=\"async\" src=\"https:\/\/evblocks.com\/fr\/wp-content\/uploads\/sites\/5\/2024\/12\/evb-top-1024x576.jpg\" alt=\"EV Blocks (FR) - Base de base pour chargeur de v\u00e9hicule \u00e9lectrique - Galerie\">\r\n                                    <\/a>\r\n                                <\/div>\r\n                                                                                            <div>\r\n                                    <a href=\"https:\/\/evblocks.com\/fr\/wp-content\/uploads\/sites\/5\/2024\/12\/evb-stock-2.jpg\" data-lightbox=\"gallery-\">\r\n                                        <img decoding=\"async\" src=\"https:\/\/evblocks.com\/fr\/wp-content\/uploads\/sites\/5\/2024\/12\/evb-stock-2-768x1024.jpg\" alt=\"EV Blocks (FR) - Base de base pour chargeur de v\u00e9hicule \u00e9lectrique - Galerie\">\r\n                                    <\/a>\r\n                                <\/div>\r\n                                                                                            <div>\r\n                                    <a href=\"https:\/\/evblocks.com\/fr\/wp-content\/uploads\/sites\/5\/2024\/12\/ev-block3.jpg\" data-lightbox=\"gallery-\">\r\n                                        <img decoding=\"async\" src=\"https:\/\/evblocks.com\/fr\/wp-content\/uploads\/sites\/5\/2024\/12\/ev-block3.jpg\" alt=\"EV Blocks (FR) - Base de base pour chargeur de v\u00e9hicule \u00e9lectrique - Galerie\">\r\n                                    <\/a>\r\n                                <\/div>\r\n                                                                                            <div>\r\n                                    <a href=\"https:\/\/evblocks.com\/fr\/wp-content\/uploads\/sites\/5\/2024\/12\/evb-stock-4.jpg\" data-lightbox=\"gallery-\">\r\n                                        <img decoding=\"async\" src=\"https:\/\/evblocks.com\/fr\/wp-content\/uploads\/sites\/5\/2024\/12\/evb-stock-4-768x1024.jpg\" alt=\"EV Blocks (FR) - Base de base pour chargeur de v\u00e9hicule \u00e9lectrique - Galerie\">\r\n                                    <\/a>\r\n                                <\/div>\r\n                                                    <\/div>\r\n                        <h4 class=\"evblocks-gallery__title\">produit<\/h4>\r\n                    <\/div>\r\n                                    <div class=\"evblocks-gallery__column\">\r\n                        <div class=\"evblocks-gallery__slider\">\r\n                                                                                            <div>\r\n                                    <a href=\"https:\/\/evblocks.com\/fr\/wp-content\/uploads\/sites\/5\/2024\/12\/EV-Blocks-Photo-2.jpg\" data-lightbox=\"gallery-\">\r\n                                        <img decoding=\"async\" src=\"https:\/\/evblocks.com\/fr\/wp-content\/uploads\/sites\/5\/2024\/12\/EV-Blocks-Photo-2-1024x768.jpg\" alt=\"EV Blocks - Installation de EV Blocks - Base de la borne de recharge pour v\u00e9hicules \u00e9lectriques - Galerie\">\r\n                                    <\/a>\r\n                                <\/div>\r\n                                                                                            <div>\r\n                                    <a href=\"https:\/\/evblocks.com\/fr\/wp-content\/uploads\/sites\/5\/2024\/12\/EV-Blocks-Photo-3.jpg\" data-lightbox=\"gallery-\">\r\n                                        <img decoding=\"async\" src=\"https:\/\/evblocks.com\/fr\/wp-content\/uploads\/sites\/5\/2024\/12\/EV-Blocks-Photo-3-768x1024.jpg\" alt=\"EV Blocks - Installation de EV Blocks - Base de la borne de recharge pour v\u00e9hicules \u00e9lectriques - Galerie\">\r\n                                    <\/a>\r\n                                <\/div>\r\n                                                                                            <div>\r\n                                    <a href=\"https:\/\/evblocks.com\/fr\/wp-content\/uploads\/sites\/5\/2024\/12\/EV-Blocks-Photo-4.jpg\" data-lightbox=\"gallery-\">\r\n                                        <img decoding=\"async\" src=\"https:\/\/evblocks.com\/fr\/wp-content\/uploads\/sites\/5\/2024\/12\/EV-Blocks-Photo-4-768x1024.jpg\" alt=\"EV Blocks - Installation de EV Blocks - Base de la borne de recharge pour v\u00e9hicules \u00e9lectriques - Galerie\">\r\n                                    <\/a>\r\n                                <\/div>\r\n                                                                                            <div>\r\n                                    <a href=\"https:\/\/evblocks.com\/fr\/wp-content\/uploads\/sites\/5\/2024\/12\/evb-install-miller.jpg\" data-lightbox=\"gallery-\">\r\n                                        <img decoding=\"async\" src=\"https:\/\/evblocks.com\/fr\/wp-content\/uploads\/sites\/5\/2024\/12\/evb-install-miller-768x1024.jpg\" alt=\"EV Blocks - Installation de EV Blocks - Base de la borne de recharge pour v\u00e9hicules \u00e9lectriques - Galerie\">\r\n                                    <\/a>\r\n                                <\/div>\r\n                                                                                            <div>\r\n                                    <a href=\"https:\/\/evblocks.com\/fr\/wp-content\/uploads\/sites\/5\/2024\/12\/evb-install_3.jpg\" data-lightbox=\"gallery-\">\r\n                                        <img decoding=\"async\" src=\"https:\/\/evblocks.com\/fr\/wp-content\/uploads\/sites\/5\/2024\/12\/evb-install_3.jpg\" alt=\"EV Blocks - Installation de EV Blocks - Base de la borne de recharge pour v\u00e9hicules \u00e9lectriques - Galerie\">\r\n                                    <\/a>\r\n                                <\/div>\r\n                                                                                            <div>\r\n                                    <a href=\"https:\/\/evblocks.com\/fr\/wp-content\/uploads\/sites\/5\/2024\/12\/evb-install_2.jpg\" data-lightbox=\"gallery-\">\r\n                                        <img decoding=\"async\" src=\"https:\/\/evblocks.com\/fr\/wp-content\/uploads\/sites\/5\/2024\/12\/evb-install_2.jpg\" alt=\"EV Blocks - Installation de EV Blocks - Base de la borne de recharge pour v\u00e9hicules \u00e9lectriques - Galerie\">\r\n                                    <\/a>\r\n                                <\/div>\r\n                                                                                            <div>\r\n                                    <a href=\"https:\/\/evblocks.com\/fr\/wp-content\/uploads\/sites\/5\/2024\/12\/1710435312743.jpg\" data-lightbox=\"gallery-\">\r\n                                        <img decoding=\"async\" src=\"https:\/\/evblocks.com\/fr\/wp-content\/uploads\/sites\/5\/2024\/12\/1710435312743-768x1024.jpg\" alt=\"EV Blocks - Installation de EV Blocks - Base de la borne de recharge pour v\u00e9hicules \u00e9lectriques - Galerie\">\r\n                                    <\/a>\r\n                                <\/div>\r\n                                                    <\/div>\r\n                        <h4 class=\"evblocks-gallery__title\">Installation<\/h4>\r\n                    <\/div>\r\n                                    <div class=\"evblocks-gallery__column\">\r\n                        <div class=\"evblocks-gallery__slider\">\r\n                                                                                            <div>\r\n                                    <a href=\"https:\/\/evblocks.com\/fr\/wp-content\/uploads\/sites\/5\/2024\/12\/1706705336002.jpg\" data-lightbox=\"gallery-\">\r\n                                        <img decoding=\"async\" src=\"https:\/\/evblocks.com\/fr\/wp-content\/uploads\/sites\/5\/2024\/12\/1706705336002-1024x922.jpg\" alt=\"Chargeur de v\u00e9hicule \u00e9lectrique enti\u00e8rement install\u00e9 sur EV Block - Galerie\">\r\n                                    <\/a>\r\n                                <\/div>\r\n                                                                                            <div>\r\n                                    <a href=\"https:\/\/evblocks.com\/fr\/wp-content\/uploads\/sites\/5\/2024\/12\/1710410670963.jpg\" data-lightbox=\"gallery-\">\r\n                                        <img decoding=\"async\" src=\"https:\/\/evblocks.com\/fr\/wp-content\/uploads\/sites\/5\/2024\/12\/1710410670963-1024x1024.jpg\" alt=\"Chargeur de v\u00e9hicule \u00e9lectrique enti\u00e8rement install\u00e9 sur EV Block - Galerie\">\r\n                                    <\/a>\r\n                                <\/div>\r\n                                                                                            <div>\r\n                                    <a href=\"https:\/\/evblocks.com\/fr\/wp-content\/uploads\/sites\/5\/2024\/12\/1710410673661.jpg\" data-lightbox=\"gallery-\">\r\n                                        <img decoding=\"async\" src=\"https:\/\/evblocks.com\/fr\/wp-content\/uploads\/sites\/5\/2024\/12\/1710410673661-1024x1024.jpg\" alt=\"Chargeur de v\u00e9hicule \u00e9lectrique enti\u00e8rement install\u00e9 sur EV Block - Galerie\">\r\n                                    <\/a>\r\n                                <\/div>\r\n                                                                                            <div>\r\n                                    <a href=\"https:\/\/evblocks.com\/fr\/wp-content\/uploads\/sites\/5\/2024\/12\/1710410673709.jpg\" data-lightbox=\"gallery-\">\r\n                                        <img decoding=\"async\" src=\"https:\/\/evblocks.com\/fr\/wp-content\/uploads\/sites\/5\/2024\/12\/1710410673709-1024x1024.jpg\" alt=\"Chargeur de v\u00e9hicule \u00e9lectrique enti\u00e8rement install\u00e9 sur EV Block - Galerie\">\r\n                                    <\/a>\r\n                                <\/div>\r\n                                                                                            <div>\r\n                                    <a href=\"https:\/\/evblocks.com\/fr\/wp-content\/uploads\/sites\/5\/2024\/12\/1710410675274.jpg\" data-lightbox=\"gallery-\">\r\n                                        <img decoding=\"async\" src=\"https:\/\/evblocks.com\/fr\/wp-content\/uploads\/sites\/5\/2024\/12\/1710410675274-1024x1024.jpg\" alt=\"Chargeur de v\u00e9hicule \u00e9lectrique enti\u00e8rement install\u00e9 sur EV Block - Galerie\">\r\n                                    <\/a>\r\n                                <\/div>\r\n                                                                                            <div>\r\n                                    <a href=\"https:\/\/evblocks.com\/fr\/wp-content\/uploads\/sites\/5\/2024\/12\/EVB-EVelec-Limited1.jpeg\" data-lightbox=\"gallery-\">\r\n                                        <img decoding=\"async\" src=\"https:\/\/evblocks.com\/fr\/wp-content\/uploads\/sites\/5\/2024\/12\/EVB-EVelec-Limited1-1024x768.jpeg\" alt=\"Chargeur de v\u00e9hicule \u00e9lectrique enti\u00e8rement install\u00e9 sur EV Blocks - Galerie\">\r\n                                    <\/a>\r\n                                <\/div>\r\n                                                                                            <div>\r\n                                    <a href=\"https:\/\/evblocks.com\/fr\/wp-content\/uploads\/sites\/5\/2024\/12\/EVB-EVelec-Limited2.jpeg\" data-lightbox=\"gallery-\">\r\n                                        <img decoding=\"async\" src=\"https:\/\/evblocks.com\/fr\/wp-content\/uploads\/sites\/5\/2024\/12\/EVB-EVelec-Limited2-768x1024.jpeg\" alt=\"Chargeur de v\u00e9hicule \u00e9lectrique enti\u00e8rement install\u00e9 sur EV Blocks - Galerie\">\r\n                                    <\/a>\r\n                                <\/div>\r\n                                                                                            <div>\r\n                                    <a href=\"https:\/\/evblocks.com\/fr\/wp-content\/uploads\/sites\/5\/2024\/12\/EVB-EVelec-Limited3.jpeg\" data-lightbox=\"gallery-\">\r\n                                        <img decoding=\"async\" src=\"https:\/\/evblocks.com\/fr\/wp-content\/uploads\/sites\/5\/2024\/12\/EVB-EVelec-Limited3-1024x768.jpeg\" alt=\"Chargeur de v\u00e9hicule \u00e9lectrique enti\u00e8rement install\u00e9 sur EV Blocks - Galerie\">\r\n                                    <\/a>\r\n                                <\/div>\r\n                                                    <\/div>\r\n                        <h4 class=\"evblocks-gallery__title\">Installation Compl\u00e8te<\/h4>\r\n                    <\/div>\r\n                            <\/div>\r\n            <\/div>\r\n<\/section>\r\n\n\n<section class=\"evblocks__container evblocks__container--no-vertical-space\">\n<h2 class=\"wp-block-heading\">vid\u00e9oth\u00e8que<\/h2>\n<\/section>\n\n\n\t\n\t\t\n<section  class=\"section-wrap \" style=\"align-items:flex-start;\">\n                        <div class=\"section-bg-colour\" style=\"opacity:1;\"><\/div>\n                <div class=\"section-content-wrap\" style=\"\">\n            \n<div class=\"text \" style=\"align-items: flex-start;\">\n                        <div class=\"grid-2 text-grid\">\n                     <div class=\"grid-item\">\n                <div class=\"paragraph-text black\" >\n                    <div class=\"video-container\"><iframe title=\"YouTube video player\" src=\"https:\/\/www.youtube.com\/embed\/sOm8tEEYDlI?si=av4oax5mFVqax_9g\" frameborder=\"0\" allowfullscreen=\"allowfullscreen\"><\/iframe><\/div>\n                <\/div>\n            <\/div>                 \n                    <div class=\"grid-item\">\n                <div class=\"paragraph-text black\" >\n                    <div class=\"video-container\"><iframe title=\"YouTube video player\" src=\"https:\/\/www.youtube.com\/embed\/RAWmubDITVE?si=KqSxZEwMvR9l1MG3\" frameborder=\"0\" allowfullscreen=\"allowfullscreen\"><\/iframe><\/div>\n                <\/div>\n            <\/div>                 \n                    <div class=\"grid-item\">\n                <div class=\"paragraph-text black\" >\n                    <div class=\"video-container\"><iframe title=\"YouTube video player\" src=\"https:\/\/www.youtube.com\/embed\/J4ozXIQDGAw?si=_SYoBaHyoWgugTKb\" frameborder=\"0\" allowfullscreen=\"allowfullscreen\"><\/iframe><\/div>\n                <\/div>\n            <\/div>                 \n                    <div class=\"grid-item\">\n                <div class=\"paragraph-text black\" >\n                    <div class=\"video-container\"><iframe title=\"YouTube video player\" src=\"https:\/\/www.youtube.com\/embed\/uYNdDoQvvGg?si=piZVc3N11GoGEwxM\" frameborder=\"0\" allowfullscreen=\"allowfullscreen\"><\/iframe><\/div>\n                <\/div>\n            <\/div>                 \n                    <\/div>\n                               \n    <\/div>\n        <\/div>  \n   \n<\/section>\n\t","protected":false},"excerpt":{"rendered":"<p>galerie de photos vid\u00e9oth\u00e8que<\/p>\n","protected":false},"author":897,"featured_media":0,"parent":0,"menu_order":0,"comment_status":"closed","ping_status":"closed","template":"","meta":{"_acf_changed":true,"footnotes":""},"class_list":["post-15798","page","type-page","status-publish","hentry"],"acf":[],"_links":{"self":[{"href":"https:\/\/evblocks.com\/fr\/wp-json\/wp\/v2\/pages\/15798","targetHints":{"allow":["GET"]}}],"collection":[{"href":"https:\/\/evblocks.com\/fr\/wp-json\/wp\/v2\/pages"}],"about":[{"href":"https:\/\/evblocks.com\/fr\/wp-json\/wp\/v2\/types\/page"}],"author":[{"embeddable":true,"href":"https:\/\/evblocks.com\/fr\/wp-json\/wp\/v2\/users\/897"}],"replies":[{"embeddable":true,"href":"https:\/\/evblocks.com\/fr\/wp-json\/wp\/v2\/comments?post=15798"}],"version-history":[{"count":0,"href":"https:\/\/evblocks.com\/fr\/wp-json\/wp\/v2\/pages\/15798\/revisions"}],"wp:attachment":[{"href":"https:\/\/evblocks.com\/fr\/wp-json\/wp\/v2\/media?parent=15798"}],"curies":[{"name":"wp","href":"https:\/\/api.w.org\/{rel}","templated":true}]}}