{"id":15780,"date":"2024-12-09T13:58:14","date_gmt":"2024-12-09T13:58:14","guid":{"rendered":"https:\/\/evblocksdev.wpengine.com\/au\/?page_id=15780"},"modified":"2025-11-11T12:52:55","modified_gmt":"2025-11-11T12:52:55","slug":"informations-techniques","status":"publish","type":"page","link":"https:\/\/evblocks.com\/fr\/informations-techniques\/","title":{"rendered":"Technical Information"},"content":{"rendered":"<section id=\"hero-69ef4337a14d7\" class=\"evblocks-hero evblocks__block\">\n    <div class=\"evblocks-hero__image-wrapper\">\n                    <picture>\n                <source media=\"(max-width: 767px)\" \n                        srcset=\"https:\/\/evblocks.com\/fr\/wp-content\/uploads\/sites\/5\/2024\/12\/EV-Blocks-Hero-Banner-2-8-800x500.jpg\" \n                        width=\"800\" \n                        height=\"600\">\n                <source media=\"(min-width: 768px) and (max-width: 1199px)\" \n                        srcset=\"https:\/\/evblocks.com\/fr\/wp-content\/uploads\/sites\/5\/2024\/12\/EV-Blocks-Hero-Banner-2-8-1200x500.jpg\" \n                        width=\"1200\" \n                        height=\"600\">\n                <source media=\"(min-width: 1200px)\" \n                        srcset=\"https:\/\/evblocks.com\/fr\/wp-content\/uploads\/sites\/5\/2024\/12\/EV-Blocks-Hero-Banner-2-8.jpg\" \n                        width=\"1900\" \n                        height=\"600\">\n                <img width=\"1600\" height=\"500\" src=\"https:\/\/evblocks.com\/fr\/wp-content\/uploads\/sites\/5\/2024\/12\/EV-Blocks-Hero-Banner-2-8.jpg\" class=\"evblocks-hero__image\" alt=\"EV Blocks - Technical Information\" decoding=\"async\" loading=\"eager\" fetchpriority=\"high\" data-no-lazy=\"1\" srcset=\"https:\/\/evblocks.com\/fr\/wp-content\/uploads\/sites\/5\/2024\/12\/EV-Blocks-Hero-Banner-2-8.jpg 1600w, https:\/\/evblocks.com\/fr\/wp-content\/uploads\/sites\/5\/2024\/12\/EV-Blocks-Hero-Banner-2-8-300x94.jpg 300w, https:\/\/evblocks.com\/fr\/wp-content\/uploads\/sites\/5\/2024\/12\/EV-Blocks-Hero-Banner-2-8-768x240.jpg 768w, https:\/\/evblocks.com\/fr\/wp-content\/uploads\/sites\/5\/2024\/12\/EV-Blocks-Hero-Banner-2-8-1024x320.jpg 1024w, https:\/\/evblocks.com\/fr\/wp-content\/uploads\/sites\/5\/2024\/12\/EV-Blocks-Hero-Banner-2-8-1536x480.jpg 1536w, https:\/\/evblocks.com\/fr\/wp-content\/uploads\/sites\/5\/2024\/12\/EV-Blocks-Hero-Banner-2-8-600x188.jpg 600w\" sizes=\"(max-width: 1600px) 100vw, 1600px\" \/>            <\/picture>\n                    <div class=\"evblocks-hero__image-overlay\" style=\"background-color:rgba(10, 10, 10, 0.55)\"><\/div>\n    <\/div>\n    \n        \n            <div class=\"evblocks-hero__container evblocks__container\">\n            <div class=\"evblocks-hero__content-wrapper\">\n                <div class=\"evblocks-hero__content\">\n                    <h1 class=\"evblocks-hero__title\">\n                        Informations techniques sur les EV Blocks                    <\/h1>\n                <\/div>\n            <\/div>\n        <\/div>\n    <\/section>\n\n\n\n<section class=\"evblocks__container evblocks__container--no-vertical-space\">\n<h2 class=\"wp-block-heading\">aper\u00e7u<\/h2>\n<\/section>\n\n<section class=\"evblocks__container evblocks__container--no-vertical-space\">\n<p>Chez EV Blocks, nous sommes engag\u00e9s dans l&#8217;innovation pour l&#8217;avenir du transport durable en fournissant des solutions avanc\u00e9es pour les fondations de chargeurs \u00e9lectriques. Avec une forte d\u00e9termination \u00e0 garantir la qualit\u00e9 et l&#8217;innovation, nous avons con\u00e7u nos fondations pour offrir une fiabilit\u00e9, une efficacit\u00e9 et des performances in\u00e9gal\u00e9es. Pour assurer une performance optimale sur le terrain, nos produits ont \u00e9t\u00e9 test\u00e9s pour r\u00e9pondre aux exigences des sites de chargeurs actuels, ce qui inclut :<\/p>\n<\/section>\n\n<section class=\"evblocks__container evblocks__block evblocks__pattern\">\n<ul class=\"wp-block-list\">\n<li>Plaque adaptarice \u00e9valu\u00e9e pour une charge Standard NF EN 124 (10,206 kg) pour des applications passives ou \u00e0 l&#8217;\u00e9preuve du temps<\/li>\n\n\n\n<li>Connexion de la plaque adaptarice au b\u00e9ton capable de r\u00e9sister \u00e0 des vents allant jusqu&#8217;\u00e0 282 km\/h<\/li>\n<\/ul>\n<\/section>\n\n<section class=\"evblocks__container evblocks__container--no-vertical-space\">\n<h2 class=\"wp-block-heading\"><strong>Approche analytique<\/strong><\/h2>\n<\/section>\n\n<section class=\"evblocks__container evblocks__container--no-vertical-space\">\n<h4 class=\"wp-block-heading\">Connexion de la plaque adaptateur<\/h4>\n<\/section>\n\n<section class=\"evblocks__container evblocks__container--no-vertical-space\">\n<p>Notre approche analytique est divis\u00e9e en deux sections. Tout d&#8217;abord, nous examinons la connexion entre le chargeur, la plaque adaptateur et la fondation en b\u00e9ton, en utilisant les donn\u00e9es de nos tests (voir la biblioth\u00e8que de ressources). Ci-dessous se trouve une courbe de connexion qui met en corr\u00e9lation la surface du chargeur et la vitesse de vent pr\u00e9vue, en supposant un chargeur de 2,4 m de hauteur.<\/p>\n<\/section>\n\n<section class=\"evblocks__container evblocks__block evblocks__pattern\">\n<div style=\"height:30px\" aria-hidden=\"true\" class=\"wp-block-spacer\"><\/div>\n<\/section>\n\n<section class=\"evblocks__container evblocks__block evblocks__pattern\">\n<figure class=\"wp-block-image size-full is-resized\"><img decoding=\"async\" src=\"https:\/\/evblocks.com\/fr\/wp-content\/uploads\/sites\/5\/2025\/05\/Charger-Design-Wind-Speed-.svg\" alt=\"Bordure de connexion EV Blocks\" class=\"wp-image-16198\" style=\"aspect-ratio:1;width:845px;height:auto\"\/><\/figure>\n<\/section>\n\n<section class=\"evblocks__container evblocks__container--no-vertical-space\">\n<h4 class=\"wp-block-heading\">Stabilit\u00e9 de la Fondation<\/h4>\n<\/section>\n\n<section class=\"evblocks__container evblocks__container--no-vertical-space\">\n<p>Si l&#8217;analyse de la connexion de la plaque est satisfaisante, nous passons \u00e0 l&#8217;\u00e9valuation de la stabilit\u00e9 de la fondation dans le sol, en tenant compte des conditions du sol sur place. Cette analyse utilise le poids de la fondation, la pression passive du sol et la friction lat\u00e9rale du sol pour contrer les forces de renversement caus\u00e9es par le vent. Les coefficients de pression du sol sont d\u00e9riv\u00e9s \u00e0 partir de la th\u00e9orie de la pression de la terre de Coulomb. Un exemple du processus de calcul est disponible dans la biblioth\u00e8que de ressources, et une calculatrice d&#8217;analyse pour effectuer des calculs similaires est disponible sur demande.<\/p>\n<\/section>\n\n<section class=\"evblocks__container evblocks__block evblocks__pattern\">\n<div style=\"height:100px\" aria-hidden=\"true\" class=\"wp-block-spacer\"><\/div>\n<\/section>\n\n\n<div class=\"wp-block-group has-background\" style=\"background-color:#ececec\"><div class=\"wp-block-group__inner-container is-layout-constrained wp-block-group-is-layout-constrained\"><section class=\"evblocks__container evblocks__container--no-vertical-space\">\n<h2 class=\"wp-block-heading\"><strong>Biblioth\u00e8que de ressources<\/strong><\/h2>\n<\/section>\n\n<section id=\"\" class=\"evblocks-download-cards-grid evblocks__block\">\r\n    <div class=\"evblocks-download-cards-grid__container evblocks__container\">\r\n                    <div class=\"evblocks-download-cards-grid__grid\">\r\n                                                            <a href=\"https:\/\/evblocks.com\/fr\/wp-content\/uploads\/sites\/5\/2025\/06\/EV-Blocks-Installation-Guide-French-2-min.pdf\" class=\"evblocks-download-cards-grid__card\" target=\"_blank\">\r\n                            <div class=\"evblocks-download-cards-grid__image-wrapper\">\r\n                                <img decoding=\"async\" src=\"https:\/\/evblocks.com\/fr\/wp-content\/uploads\/sites\/5\/2025\/06\/31.png\" alt=\"Guide d&#039;installation des EV Blocks\" class=\"evblocks-download-cards-grid__image\">\r\n                                <div class=\"evblocks-download-cards-grid__download-button\">\r\n                                    <i class=\"fa-solid fa-download\"><\/i>\r\n                                <\/div>\r\n                            <\/div>\r\n                            <div class=\"evblocks-download-cards-grid__content\">\r\n                                <h4 class=\"evblocks-download-cards-grid__title\">Guide d&#039;installation (PDF) &#8211; Bient\u00f4t disponible<\/h4>\r\n                                <p class=\"evblocks-download-cards-grid__description\"><\/p>\r\n                            <\/div>\r\n                        <\/a>\r\n                                                                                <a href=\"https:\/\/evblocks.com\/fr\/wp-content\/uploads\/sites\/5\/2025\/05\/EV_Blocks-B620-French-Version.pdf\" class=\"evblocks-download-cards-grid__card\" target=\"_blank\">\r\n                            <div class=\"evblocks-download-cards-grid__image-wrapper\">\r\n                                <img decoding=\"async\" src=\"https:\/\/evblocks.com\/fr\/wp-content\/uploads\/sites\/5\/2025\/05\/EVB-Resource-Images-2.png\" alt=\"\" class=\"evblocks-download-cards-grid__image\">\r\n                                <div class=\"evblocks-download-cards-grid__download-button\">\r\n                                    <i class=\"fa-solid fa-download\"><\/i>\r\n                                <\/div>\r\n                            <\/div>\r\n                            <div class=\"evblocks-download-cards-grid__content\">\r\n                                <h4 class=\"evblocks-download-cards-grid__title\">D\u00e9pliant produit B620 &#8211; (PDF)<\/h4>\r\n                                <p class=\"evblocks-download-cards-grid__description\"><\/p>\r\n                            <\/div>\r\n                        <\/a>\r\n                                                                                <a href=\"https:\/\/evblocks.com\/fr\/wp-content\/uploads\/sites\/5\/2025\/05\/EV-Block_Standard_Typ-Detail_metric-French.pdf\" class=\"evblocks-download-cards-grid__card\" target=\"_blank\">\r\n                            <div class=\"evblocks-download-cards-grid__image-wrapper\">\r\n                                <img decoding=\"async\" src=\"https:\/\/evblocks.com\/fr\/wp-content\/uploads\/sites\/5\/2025\/05\/32.png\" alt=\"\" class=\"evblocks-download-cards-grid__image\">\r\n                                <div class=\"evblocks-download-cards-grid__download-button\">\r\n                                    <i class=\"fa-solid fa-download\"><\/i>\r\n                                <\/div>\r\n                            <\/div>\r\n                            <div class=\"evblocks-download-cards-grid__content\">\r\n                                <h4 class=\"evblocks-download-cards-grid__title\">D\u00e9tail d&#039;installation typique (PDF)<\/h4>\r\n                                <p class=\"evblocks-download-cards-grid__description\"><\/p>\r\n                            <\/div>\r\n                        <\/a>\r\n                                                                                <a href=\"https:\/\/evblocks.com\/fr\/wp-content\/uploads\/sites\/5\/2025\/06\/EV-Block_Standard_Product-Detail_metric-FR.pdf\" class=\"evblocks-download-cards-grid__card\" target=\"_blank\">\r\n                            <div class=\"evblocks-download-cards-grid__image-wrapper\">\r\n                                <img decoding=\"async\" src=\"https:\/\/evblocks.com\/fr\/wp-content\/uploads\/sites\/5\/2025\/06\/EVB-Resource-Images.png\" alt=\"\" class=\"evblocks-download-cards-grid__image\">\r\n                                <div class=\"evblocks-download-cards-grid__download-button\">\r\n                                    <i class=\"fa-solid fa-download\"><\/i>\r\n                                <\/div>\r\n                            <\/div>\r\n                            <div class=\"evblocks-download-cards-grid__content\">\r\n                                <h4 class=\"evblocks-download-cards-grid__title\">D\u00e9tail du produit typique (PDF) &#8211; Bient\u00f4t disponible<\/h4>\r\n                                <p class=\"evblocks-download-cards-grid__description\"><\/p>\r\n                            <\/div>\r\n                        <\/a>\r\n                                                                                <a href=\"https:\/\/evblocks.com\/fr\/wp-content\/uploads\/sites\/5\/2025\/06\/French-Future-Proofing-Sell-Sheet-2.pdf\" class=\"evblocks-download-cards-grid__card\" target=\"_blank\">\r\n                            <div class=\"evblocks-download-cards-grid__image-wrapper\">\r\n                                <img decoding=\"async\" src=\"https:\/\/evblocks.com\/fr\/wp-content\/uploads\/sites\/5\/2024\/12\/Future-proof.png\" alt=\"P\u00e9rennit\u00e9 EV Blocks\" class=\"evblocks-download-cards-grid__image\">\r\n                                <div class=\"evblocks-download-cards-grid__download-button\">\r\n                                    <i class=\"fa-solid fa-download\"><\/i>\r\n                                <\/div>\r\n                            <\/div>\r\n                            <div class=\"evblocks-download-cards-grid__content\">\r\n                                <h4 class=\"evblocks-download-cards-grid__title\">Aper\u00e7u de la p\u00e9rennit\u00e9 (PDF) &#8211; Bient\u00f4t disponible<\/h4>\r\n                                <p class=\"evblocks-download-cards-grid__description\"><\/p>\r\n                            <\/div>\r\n                        <\/a>\r\n                                                <\/div>\r\n            <\/div>\r\n    \r\n    <\/section>\r\n\r\n\r\n<\/div><\/div>\n\n\n<section id=\"block_376878dba70b85688870a8951c83ab67\" class=\"evblocks-form-panel evblocks__block\">\r\n\t<div class=\"evblocks-form-panel__container  evblocks__container\">\r\n\t\t<div class=\"evblocks-form-panel__left-column evblocks-form-panel__column\">\r\n\t\t\t<div class=\"evblocks-form-panel__content-wrapper\">\r\n\t\t\t\t\t\t\t\t<h2 class=\"evblocks-form-panel__title\">\r\n                    Des questions ?                <\/h2>\r\n\t\t\t\t\t\t\t\t<div class=\"evblocks-form-panel__content\">\r\n\t\t\t\t\t<p>Notre \u00e9quipe commerciale peut vous aider \u00e0 y r\u00e9pondre.<\/p>\n\t\t\t\t<\/div>\r\n\t\t\t\t\t\t\t<\/div>\r\n\t\t<\/div>\r\n\t\t<div class=\"evblocks-form-panel__right-column evblocks-form-panel__column\">\r\n\t\t\t<div class=\"evblocks-form-panel__form-wrapper\">\r\n\t\t\t\t\t\t\t\t<div class=\"evblocks-form-panel__form\">\r\n\t\t\t\t\t\n<div class=\"wpcf7 no-js\" id=\"wpcf7-f24-o1\" lang=\"en-GB\" dir=\"ltr\" data-wpcf7-id=\"24\">\n<div class=\"screen-reader-response\"><p role=\"status\" aria-live=\"polite\" aria-atomic=\"true\"><\/p> <ul><\/ul><\/div>\n<form action=\"\/fr\/wp-json\/wp\/v2\/pages\/15780#wpcf7-f24-o1\" method=\"post\" class=\"wpcf7-form init\" aria-label=\"Contact form\" novalidate=\"novalidate\" data-status=\"init\">\n<fieldset class=\"hidden-fields-container\"><input type=\"hidden\" name=\"_wpcf7\" value=\"24\" \/><input type=\"hidden\" name=\"_wpcf7_version\" value=\"6.1.5\" \/><input type=\"hidden\" name=\"_wpcf7_locale\" value=\"en_GB\" \/><input type=\"hidden\" name=\"_wpcf7_unit_tag\" value=\"wpcf7-f24-o1\" \/><input type=\"hidden\" name=\"_wpcf7_container_post\" value=\"0\" \/><input type=\"hidden\" name=\"_wpcf7_posted_data_hash\" value=\"\" \/><input type=\"hidden\" name=\"_wpcf7dtx_version\" value=\"5.0.5\" \/><input type=\"hidden\" name=\"_wpcf7_recaptcha_response\" value=\"\" \/>\n<\/fieldset>\n<p><span class=\"wpcf7-form-control-wrap\" data-name=\"first-name\"><input size=\"40\" maxlength=\"400\" class=\"wpcf7-form-control wpcf7-text\" aria-invalid=\"false\" placeholder=\"Pr\u00e9nom\" value=\"\" type=\"text\" name=\"first-name\" \/><\/span><span class=\"wpcf7-form-control-wrap\" data-name=\"last-name\"><input size=\"40\" maxlength=\"400\" class=\"wpcf7-form-control wpcf7-text\" aria-invalid=\"false\" placeholder=\"Nom de famille\" value=\"\" type=\"text\" name=\"last-name\" \/><\/span><span class=\"wpcf7-form-control-wrap\" data-name=\"your-email\"><input size=\"40\" maxlength=\"400\" class=\"wpcf7-form-control wpcf7-email wpcf7-validates-as-required wpcf7-text wpcf7-validates-as-email\" aria-required=\"true\" aria-invalid=\"false\" placeholder=\"Votre email\" value=\"\" type=\"email\" name=\"your-email\" \/><\/span><span class=\"wpcf7-form-control-wrap\" data-name=\"your-message\"><textarea cols=\"40\" rows=\"10\" maxlength=\"2000\" class=\"wpcf7-form-control wpcf7-textarea\" aria-invalid=\"false\" placeholder=\"Votre message\" name=\"your-message\"><\/textarea><\/span><br \/>\nConsentez-vous \u00e0 recevoir des communications marketing et \u00e0 ce que vos donn\u00e9es soient stock\u00e9es \u00e0 cette fin?<span class=\"wpcf7-form-control-wrap\" data-name=\"marketing_consent\"><span class=\"wpcf7-form-control wpcf7-checkbox wpcf7-exclusive-checkbox\"><span class=\"wpcf7-list-item first\"><input type=\"checkbox\" name=\"marketing_consent\" value=\"Yes\" checked=\"checked\" \/><span class=\"wpcf7-list-item-label\">Yes<\/span><\/span><span class=\"wpcf7-list-item last\"><input type=\"checkbox\" name=\"marketing_consent\" value=\"No\" \/><span class=\"wpcf7-list-item-label\">No<\/span><\/span><\/span><\/span>\n<\/p>\n<p><input class=\"wpcf7-form-control wpcf7-submit has-spinner\" type=\"submit\" value=\"CONTACTEZ-NOUS\" \/>\n<\/p><div class=\"wpcf7-response-output\" aria-hidden=\"true\"><\/div>\n<\/form>\n<\/div>\n\t\t\t\t<\/div>\r\n\t\t\t\t\t\t\t<\/div>\r\n\t\t<\/div>\r\n\t<\/div>\r\n<\/section>\n\n<section class=\"evblocks__container evblocks__container--no-vertical-space\">\n<p><\/p>\n<\/section>","protected":false},"excerpt":{"rendered":"<p>aper\u00e7u Chez EV Blocks, nous sommes engag\u00e9s dans l&#8217;innovation pour l&#8217;avenir du transport durable en fournissant des solutions avanc\u00e9es pour les fondations de chargeurs \u00e9lectriques. Avec une forte d\u00e9termination \u00e0 garantir la qualit\u00e9 et l&#8217;innovation, nous avons con\u00e7u nos fondations&#8230;<\/p>\n","protected":false},"author":897,"featured_media":0,"parent":0,"menu_order":0,"comment_status":"closed","ping_status":"closed","template":"","meta":{"_acf_changed":true,"footnotes":""},"class_list":["post-15780","page","type-page","status-publish","hentry"],"acf":[],"_links":{"self":[{"href":"https:\/\/evblocks.com\/fr\/wp-json\/wp\/v2\/pages\/15780","targetHints":{"allow":["GET"]}}],"collection":[{"href":"https:\/\/evblocks.com\/fr\/wp-json\/wp\/v2\/pages"}],"about":[{"href":"https:\/\/evblocks.com\/fr\/wp-json\/wp\/v2\/types\/page"}],"author":[{"embeddable":true,"href":"https:\/\/evblocks.com\/fr\/wp-json\/wp\/v2\/users\/897"}],"replies":[{"embeddable":true,"href":"https:\/\/evblocks.com\/fr\/wp-json\/wp\/v2\/comments?post=15780"}],"version-history":[{"count":0,"href":"https:\/\/evblocks.com\/fr\/wp-json\/wp\/v2\/pages\/15780\/revisions"}],"wp:attachment":[{"href":"https:\/\/evblocks.com\/fr\/wp-json\/wp\/v2\/media?parent=15780"}],"curies":[{"name":"wp","href":"https:\/\/api.w.org\/{rel}","templated":true}]}}