{"id":12392,"date":"2024-03-01T16:53:30","date_gmt":"2024-03-01T16:53:30","guid":{"rendered":"https:\/\/evblocksdev.wpengine.com\/aus\/?page_id=12392"},"modified":"2025-11-11T12:52:55","modified_gmt":"2025-11-11T12:52:55","slug":"contact-ev-blocks","status":"publish","type":"page","link":"https:\/\/evblocks.com\/fr\/contact-ev-blocks\/","title":{"rendered":"Contact Us"},"content":{"rendered":"<section id=\"hero-69f1d782afad6\" class=\"evblocks-hero evblocks__block\">\n    <div class=\"evblocks-hero__image-wrapper\">\n                    <picture>\n                <source media=\"(max-width: 767px)\" \n                        srcset=\"https:\/\/evblocks.com\/fr\/wp-content\/uploads\/sites\/5\/2024\/03\/EV-Blocks-Hero-Banner-2-2-800x500.jpg\" \n                        width=\"800\" \n                        height=\"600\">\n                <source media=\"(min-width: 768px) and (max-width: 1199px)\" \n                        srcset=\"https:\/\/evblocks.com\/fr\/wp-content\/uploads\/sites\/5\/2024\/03\/EV-Blocks-Hero-Banner-2-2-1200x500.jpg\" \n                        width=\"1200\" \n                        height=\"600\">\n                <source media=\"(min-width: 1200px)\" \n                        srcset=\"https:\/\/evblocks.com\/fr\/wp-content\/uploads\/sites\/5\/2024\/03\/EV-Blocks-Hero-Banner-2-2.jpg\" \n                        width=\"1900\" \n                        height=\"600\">\n                <img width=\"1600\" height=\"500\" src=\"https:\/\/evblocks.com\/fr\/wp-content\/uploads\/sites\/5\/2024\/03\/EV-Blocks-Hero-Banner-2-2.jpg\" class=\"evblocks-hero__image\" alt=\"Contact - EV Blocks\" decoding=\"async\" loading=\"eager\" fetchpriority=\"high\" data-no-lazy=\"1\" srcset=\"https:\/\/evblocks.com\/fr\/wp-content\/uploads\/sites\/5\/2024\/03\/EV-Blocks-Hero-Banner-2-2.jpg 1600w, https:\/\/evblocks.com\/fr\/wp-content\/uploads\/sites\/5\/2024\/03\/EV-Blocks-Hero-Banner-2-2-300x94.jpg 300w, https:\/\/evblocks.com\/fr\/wp-content\/uploads\/sites\/5\/2024\/03\/EV-Blocks-Hero-Banner-2-2-768x240.jpg 768w, https:\/\/evblocks.com\/fr\/wp-content\/uploads\/sites\/5\/2024\/03\/EV-Blocks-Hero-Banner-2-2-1024x320.jpg 1024w, https:\/\/evblocks.com\/fr\/wp-content\/uploads\/sites\/5\/2024\/03\/EV-Blocks-Hero-Banner-2-2-1536x480.jpg 1536w, https:\/\/evblocks.com\/fr\/wp-content\/uploads\/sites\/5\/2024\/03\/EV-Blocks-Hero-Banner-2-2-600x188.jpg 600w\" sizes=\"(max-width: 1600px) 100vw, 1600px\" \/>            <\/picture>\n                    <div class=\"evblocks-hero__image-overlay\" style=\"background-color:rgba(10,10,10,0.55)\"><\/div>\n    <\/div>\n    \n        \n            <div class=\"evblocks-hero__container evblocks__container\">\n            <div class=\"evblocks-hero__content-wrapper\">\n                <div class=\"evblocks-hero__content\">\n                    <h1 class=\"evblocks-hero__title\">\n                        Contact EV Blocks France, Experts en recharge EV                    <\/h1>\n                <\/div>\n            <\/div>\n        <\/div>\n    <\/section>\n\n\n\n\n\t\n\t\t\n<section  class=\"section-wrap \" style=\"align-items:flex-start;\">\n                        <div class=\"section-bg-colour\" style=\"opacity:1;\"><\/div>\n                <div class=\"section-content-wrap\" style=\"\">\n            \n<div class=\"text \" style=\"align-items: flex-start;\">\n                        <div class=\"grid-2 text-grid\">\n                     <div class=\"grid-item\">\n                <div class=\"paragraph-text black\" >\n                    <h2>EV Blocks France<\/h2>\n<p><img decoding=\"async\" class=\"alignnone wp-image-16224 size-medium\" src=\"https:\/\/evblocks.com\/fr\/wp-content\/uploads\/sites\/5\/2025\/05\/GSL-Logo-1-300x138.png\" alt=\"GSL Group\" width=\"300\" height=\"138\" srcset=\"https:\/\/evblocks.com\/fr\/wp-content\/uploads\/sites\/5\/2025\/05\/GSL-Logo-1-300x138.png 300w, https:\/\/evblocks.com\/fr\/wp-content\/uploads\/sites\/5\/2025\/05\/GSL-Logo-1-768x354.png 768w, https:\/\/evblocks.com\/fr\/wp-content\/uploads\/sites\/5\/2025\/05\/GSL-Logo-1.png 911w\" sizes=\"(max-width: 300px) 100vw, 300px\" \/><\/p>\n<p><!-- wp:paragraph --><\/p>\n<p class=\"qrShPb pXs6bb PZPZlf q8U8x aTI8gc EaHP9c\" data-dtype=\"d3ifr\" data-local-attribute=\"d3bn\" data-attrid=\"title\" data-ved=\"2ahUKEwje5vPdp9-MAxUYZ0EAHX2oMNkQ3B0oAHoECEAQAQ\">GROUPE SAINT LEONARD<\/p>\n<p>1 Rue du Durteint, 77160 Poigny, France<\/p>\n<p><!-- \/wp:paragraph --> <!-- wp:paragraph --><\/p>\n<p>Email: <a href=\"mailto:france@EVBlocks.com\">France@EVBlocks.com<\/a><\/p>\n<p><!-- \/wp:paragraph --> <!-- wp:paragraph --><\/p>\n<p>Tel: <span class=\"w8qArf FoJoyf\">\u00a0<\/span><span class=\"LrzXr zdqRlf kno-fv\"><span aria-label=\"Call phone number +33 1 64 00 44 02\">+33 1 64 00 44 02<\/span><\/span><\/p>\n                <\/div>\n            <\/div>                 \n                    <div class=\"grid-item\">\n                <div class=\"paragraph-text black\" >\n                    <p><iframe style=\"border: 0;\" src=\"https:\/\/www.google.com\/maps\/embed?pb=!1m18!1m12!1m3!1d2641.149736084299!2d3.2851882000000003!3d48.549524299999995!2m3!1f0!2f0!3f0!3m2!1i1024!2i768!4f13.1!3m3!1m2!1s0x47ef30f63487cb17%3A0xde20692efecfa2a7!2sGROUPE%20SAINT%20LEONARD!5e0!3m2!1sen!2suk!4v1744901586208!5m2!1sen!2suk\" width=\"100%\" height=\"600\" allowfullscreen=\"allowfullscreen\"><span data-mce-type=\"bookmark\" style=\"display: inline-block; width: 0px; overflow: hidden; line-height: 0;\" class=\"mce_SELRES_start\">\ufeff<\/span><\/iframe><\/p>\n                <\/div>\n            <\/div>                 \n                    <\/div>\n                               \n    <\/div>\n        <\/div>  \n   \n<\/section>\n\t\n\n<section id=\"block_b9440a586751f62d2129764ecade1d4c\" class=\"evblocks-form-panel evblocks__block\">\r\n\t<div class=\"evblocks-form-panel__container  evblocks__container\">\r\n\t\t<div class=\"evblocks-form-panel__left-column evblocks-form-panel__column\">\r\n\t\t\t<div class=\"evblocks-form-panel__content-wrapper\">\r\n\t\t\t\t\t\t\t\t<h2 class=\"evblocks-form-panel__title\">\r\n                    Des questions ?                <\/h2>\r\n\t\t\t\t\t\t\t\t<div class=\"evblocks-form-panel__content\">\r\n\t\t\t\t\t<div class=\"evblocks-form-panel__left-column evblocks-form-panel__column\">\n<div class=\"evblocks-form-panel__content-wrapper\">\n<div class=\"evblocks-form-panel__content\">\n<div class=\"evblocks-form-panel__left-column evblocks-form-panel__column\">\n<div class=\"evblocks-form-panel__content-wrapper\">\n<div class=\"evblocks-form-panel__content\">\n<p>Notre \u00e9quipe commerciale peut vous aider \u00e0 y r\u00e9pondre.<\/p>\n<\/div>\n<\/div>\n<\/div>\n<\/div>\n<\/div>\n<\/div>\n\t\t\t\t<\/div>\r\n\t\t\t\t\t\t\t<\/div>\r\n\t\t<\/div>\r\n\t\t<div class=\"evblocks-form-panel__right-column evblocks-form-panel__column\">\r\n\t\t\t<div class=\"evblocks-form-panel__form-wrapper\">\r\n\t\t\t\t\t\t\t\t<div class=\"evblocks-form-panel__form\">\r\n\t\t\t\t\t\n<div class=\"wpcf7 no-js\" id=\"wpcf7-f24-o1\" lang=\"en-GB\" dir=\"ltr\" data-wpcf7-id=\"24\">\n<div class=\"screen-reader-response\"><p role=\"status\" aria-live=\"polite\" aria-atomic=\"true\"><\/p> <ul><\/ul><\/div>\n<form action=\"\/fr\/wp-json\/wp\/v2\/pages\/12392#wpcf7-f24-o1\" method=\"post\" class=\"wpcf7-form init\" aria-label=\"Contact form\" novalidate=\"novalidate\" data-status=\"init\">\n<fieldset class=\"hidden-fields-container\"><input type=\"hidden\" name=\"_wpcf7\" value=\"24\" \/><input type=\"hidden\" name=\"_wpcf7_version\" value=\"6.1.5\" \/><input type=\"hidden\" name=\"_wpcf7_locale\" value=\"en_GB\" \/><input type=\"hidden\" name=\"_wpcf7_unit_tag\" value=\"wpcf7-f24-o1\" \/><input type=\"hidden\" name=\"_wpcf7_container_post\" value=\"0\" \/><input type=\"hidden\" name=\"_wpcf7_posted_data_hash\" value=\"\" \/><input type=\"hidden\" name=\"_wpcf7dtx_version\" value=\"5.0.5\" \/><input type=\"hidden\" name=\"_wpcf7_recaptcha_response\" value=\"\" \/>\n<\/fieldset>\n<p><span class=\"wpcf7-form-control-wrap\" data-name=\"first-name\"><input size=\"40\" maxlength=\"400\" class=\"wpcf7-form-control wpcf7-text\" aria-invalid=\"false\" placeholder=\"Pr\u00e9nom\" value=\"\" type=\"text\" name=\"first-name\" \/><\/span><span class=\"wpcf7-form-control-wrap\" data-name=\"last-name\"><input size=\"40\" maxlength=\"400\" class=\"wpcf7-form-control wpcf7-text\" aria-invalid=\"false\" placeholder=\"Nom de famille\" value=\"\" type=\"text\" name=\"last-name\" \/><\/span><span class=\"wpcf7-form-control-wrap\" data-name=\"your-email\"><input size=\"40\" maxlength=\"400\" class=\"wpcf7-form-control wpcf7-email wpcf7-validates-as-required wpcf7-text wpcf7-validates-as-email\" aria-required=\"true\" aria-invalid=\"false\" placeholder=\"Votre email\" value=\"\" type=\"email\" name=\"your-email\" \/><\/span><span class=\"wpcf7-form-control-wrap\" data-name=\"your-message\"><textarea cols=\"40\" rows=\"10\" maxlength=\"2000\" class=\"wpcf7-form-control wpcf7-textarea\" aria-invalid=\"false\" placeholder=\"Votre message\" name=\"your-message\"><\/textarea><\/span><br \/>\nConsentez-vous \u00e0 recevoir des communications marketing et \u00e0 ce que vos donn\u00e9es soient stock\u00e9es \u00e0 cette fin?<span class=\"wpcf7-form-control-wrap\" data-name=\"marketing_consent\"><span class=\"wpcf7-form-control wpcf7-checkbox wpcf7-exclusive-checkbox\"><span class=\"wpcf7-list-item first\"><input type=\"checkbox\" name=\"marketing_consent\" value=\"Yes\" checked=\"checked\" \/><span class=\"wpcf7-list-item-label\">Yes<\/span><\/span><span class=\"wpcf7-list-item last\"><input type=\"checkbox\" name=\"marketing_consent\" value=\"No\" \/><span class=\"wpcf7-list-item-label\">No<\/span><\/span><\/span><\/span>\n<\/p>\n<p><input class=\"wpcf7-form-control wpcf7-submit has-spinner\" type=\"submit\" value=\"CONTACTEZ-NOUS\" \/>\n<\/p><div class=\"wpcf7-response-output\" aria-hidden=\"true\"><\/div>\n<\/form>\n<\/div>\n\t\t\t\t<\/div>\r\n\t\t\t\t\t\t\t<\/div>\r\n\t\t<\/div>\r\n\t<\/div>\r\n<\/section>\n\n<section class=\"evblocks__container evblocks__container--no-vertical-space\">\n<p><\/p>\n<\/section>","protected":false},"excerpt":{"rendered":"","protected":false},"author":897,"featured_media":0,"parent":0,"menu_order":0,"comment_status":"closed","ping_status":"closed","template":"","meta":{"_acf_changed":true,"footnotes":""},"class_list":["post-12392","page","type-page","status-publish","hentry"],"acf":[],"_links":{"self":[{"href":"https:\/\/evblocks.com\/fr\/wp-json\/wp\/v2\/pages\/12392","targetHints":{"allow":["GET"]}}],"collection":[{"href":"https:\/\/evblocks.com\/fr\/wp-json\/wp\/v2\/pages"}],"about":[{"href":"https:\/\/evblocks.com\/fr\/wp-json\/wp\/v2\/types\/page"}],"author":[{"embeddable":true,"href":"https:\/\/evblocks.com\/fr\/wp-json\/wp\/v2\/users\/897"}],"replies":[{"embeddable":true,"href":"https:\/\/evblocks.com\/fr\/wp-json\/wp\/v2\/comments?post=12392"}],"version-history":[{"count":0,"href":"https:\/\/evblocks.com\/fr\/wp-json\/wp\/v2\/pages\/12392\/revisions"}],"wp:attachment":[{"href":"https:\/\/evblocks.com\/fr\/wp-json\/wp\/v2\/media?parent=12392"}],"curies":[{"name":"wp","href":"https:\/\/api.w.org\/{rel}","templated":true}]}}